{"id":6080,"date":"2024-01-09T17:19:52","date_gmt":"2024-01-09T17:19:52","guid":{"rendered":"https:\/\/expert-witness.es\/we-do\/expert-witness-for-the-car-cartel\/"},"modified":"2024-01-24T19:38:37","modified_gmt":"2024-01-24T19:38:37","slug":"expert-witness-for-the-car-cartel","status":"publish","type":"page","link":"https:\/\/expert-witness.es\/en\/we-do\/expert-witness-for-the-car-cartel\/","title":{"rendered":"Expert witness for the Car Cartel"},"content":{"rendered":"<p>[vc_row rt_row_background_width=&#8221;fullwidth&#8221; rt_row_content_width=&#8221;default&#8221; rt_row_style=&#8221;default-style&#8221; rt_row_height=&#8221;&#8221; rt_column_gaps=&#8221;&#8221; rt_row_shadows=&#8221;&#8221; rt_row_borders=&#8221;&#8221; rt_bg_effect=&#8221;classic&#8221; rt_bg_image_repeat=&#8221;repeat&#8221; rt_bg_size=&#8221;cover&#8221; rt_bg_position=&#8221;right top&#8221; rt_bg_attachment=&#8221;scroll&#8221; rt_bg_layer=&#8221;&#8221; rt_bg_video_format=&#8221;self-hosted&#8221;][vc_column width=&#8221;2\/3&#8243; rt_bg_effect=&#8221;classic&#8221; rt_bg_image_repeat=&#8221;repeat&#8221; rt_bg_size=&#8221;auto auto&#8221; rt_bg_position=&#8221;right top&#8221; rt_bg_attachment=&#8221;scroll&#8221;][vc_row_inner rt_row_background_width=&#8221;fullwidth&#8221; rt_row_content_width=&#8221;default&#8221; rt_row_style=&#8221;global-style&#8221; rt_row_height=&#8221;&#8221; rt_column_gaps=&#8221;&#8221; rt_row_borders=&#8221;&#8221; rt_bg_effect=&#8221;classic&#8221; rt_bg_image_repeat=&#8221;repeat&#8221; rt_bg_size=&#8221;cover&#8221; rt_bg_position=&#8221;right top&#8221; rt_bg_attachment=&#8221;scroll&#8221; rt_bg_layer=&#8221;&#8221; rt_bg_video_format=&#8221;self-hosted&#8221;][vc_column_inner rt_bg_effect=&#8221;classic&#8221; rt_bg_image_repeat=&#8221;repeat&#8221; rt_bg_size=&#8221;auto auto&#8221; rt_bg_position=&#8221;right top&#8221; rt_bg_attachment=&#8221;scroll&#8221;]\n\t\t<article class=\"content-box content-box2\">\n\t\t<div class=\"rt-heading-wrapper\">\n\t\t\t\t\t\t<h1 class=\"rt-heading\" >Pericial sobre el Da\u00f1o Emergente causado por la actuaci\u00f3n del c\u00e1rtel de coches<\/h1>\n\t\t\t\t\t<\/div>\n\t\t<div class=\"content-holder\">\n\t\t\t<ol>\n<li>Perjuicio por el C\u00e1rtel de coches del 12,5%.<\/li>\n<li>Utiliza modelos estad\u00edsticos contemplados por la Gu\u00eda Pr\u00e1ctica de la Comisi\u00f3n Europea. Comparaci\u00f3n Diacr\u00f3nica <strong>An\u00e1lisis de Regresi\u00f3n <\/strong>(Modelo ARIMA).<\/li>\n<li>Las <strong>variables explicativas utilizadas son exactamente las mismas que utilizan los fabricantes <\/strong>para fijar sus precios en funci\u00f3n de la demanda previsible en cada momento. \u201c<em>As\u00ed consta suscrito por los mismos fabricantes en un Informe de <u>Modelizaci\u00f3n de la Demanda realizado en 2010<\/u><\/em>\u201d.<\/li>\n<li>La <strong>base de datos <\/strong>utilizada en el Modelo econom\u00e9trico (ARIMA) es un censo de todos los modelos existentes por marca durante el periodo del c\u00e1rtel, facilitada por los propios fabricantes, <strong>con certificaci\u00f3n de su contenido<\/strong>.<\/li>\n<li>Los <strong>estad\u00edsticos obtenidos R2, P Valor o F de Snedecor nos dan altamente significativos <\/strong>por lo que el modelo es altamente explicativo. El modelo ha pasado las pruebas de robustez de forma satisfactoria y es coincidente con el punto de vista estad\u00edstico.<\/li>\n<li>Todo lo anterior contrastado, como solicitan las sentencias judiciales, con un <strong>M\u00e9todo de Diferencias en la Diferencia <\/strong>que utiliza datos de fuentes p\u00fablicas de la Uni\u00f3n Europea que constata precisamente la existencia del C\u00e1rtel y en los porcentajes que se identifican en nuestro modelo matem\u00e1tico.<\/li>\n<\/ol>\n\n\t\t\t\n\t\t<\/div>\n\t\t<\/article>\n\t\t[vc_single_image image=&#8221;6007&#8243; img_size=&#8221;full&#8221; alignment=&#8221;center&#8221;][\/vc_column_inner][\/vc_row_inner][\/vc_column][vc_column width=&#8221;1\/3&#8243; rt_bg_effect=&#8221;classic&#8221; rt_bg_image_repeat=&#8221;repeat&#8221; rt_bg_size=&#8221;auto auto&#8221; rt_bg_position=&#8221;right top&#8221; rt_bg_attachment=&#8221;scroll&#8221;][vc_single_image image=&#8221;5052&#8243; img_size=&#8221;full&#8221;][\/vc_column][\/vc_row][vc_row rt_row_background_width=&#8221;fullwidth&#8221; rt_row_content_width=&#8221;default&#8221; rt_row_style=&#8221;default-style&#8221; rt_row_height=&#8221;&#8221; rt_column_gaps=&#8221;&#8221; rt_row_shadows=&#8221;&#8221; rt_row_borders=&#8221;&#8221; rt_bg_effect=&#8221;classic&#8221; rt_bg_image_repeat=&#8221;repeat&#8221; rt_bg_size=&#8221;cover&#8221; rt_bg_position=&#8221;right top&#8221; rt_bg_attachment=&#8221;scroll&#8221; rt_bg_layer=&#8221;&#8221; rt_bg_video_format=&#8221;self-hosted&#8221;][vc_column rt_bg_effect=&#8221;classic&#8221; rt_bg_image_repeat=&#8221;repeat&#8221; rt_bg_size=&#8221;auto auto&#8221; rt_bg_position=&#8221;right top&#8221; rt_bg_attachment=&#8221;scroll&#8221;]\r\n\t\t\t\t<div id=\"blog-carousel-dynamicID-943213\" class=\"rt-carousel carousel-holder clearfix blog-carousel style-1 boxed-carousel rt_lightbox_gallery\" data-item-width=\"3\" data-nav=\"true\" data-dots=\"true\" data-margin=\"29\" data-autoplay=\"true\" data-timeout=\"4000\" data-thumbnails=\"false\" data-boxed=\"true\" data-min-height=\"\" data-padding=\"0\" data-loop=\"false\" data-tablet-item-width=\"1\" data-mobile-item-width=\"1\">\r\n\t\t\t\t\t<div class=\"owl-carousel\">\r\n\t\t\t\t\t\t<div class=\"boxed\"><article id=\"5687\" class=\"item post-5687 post type-post status-publish format-standard hentry category-fraud-and-irregularities\"><div class=\"post-content-wrapper\">\n \n\n<!-- blog box-->\n\n\n\t\t\t\t\t\n\n\t<div class=\"entry-content text\">\n\n\t\t<!-- blog headline-->\n\t\t<h4 class=\"entry-title\"><a href=\"https:\/\/expert-witness.es\/en\/informe-en-el-ambito-de-la-responsabilidad-de-administracion-concursal-en-conformidad-con-lo-dispuesto-en-el-articulo-35-de-la-ley-concursal-apartados-1-y-6-2\/\" rel=\"bookmark\">Report in the area of bankruptcy administration liability in accordance with Article 35 of the Bankruptcy Law, paragraphs 1 and 6.<\/a><\/h4> \n\n\t\t\r\n\t\t<!-- meta data -->\r\n\t\t<div class=\"post_data\">\r\n\r\n\t\t\t\r\n\t\t\t\t\t\t\t\r\n\t\t\t\t\t\t<!-- categories -->\r\n\t\t\t<span class=\"categories\">\r\n\t\t\tin <a href=\"https:\/\/expert-witness.es\/en\/category\/fraud-and-irregularities\/\" rel=\"category tag\">Fraud and irregularities<\/a>\t\t\t\t\r\n\t\t\t<\/span>\r\n\t\t\t\r\n\t\t\t\r\n\t\t\t\t\t\t\r\n\t\t<\/div><!-- \/ end div  .post_data -->\r\n\t\n\t\t\n\t\t<p>In this context, the injured parties requested our intervention as Independent Expert in order that,...<\/p>\t<\/div> \n\n\t<div class=\"entry-footer\">\n\n\t\t<a href=\"https:\/\/expert-witness.es\/en\/informe-en-el-ambito-de-la-responsabilidad-de-administracion-concursal-en-conformidad-con-lo-dispuesto-en-el-articulo-35-de-la-ley-concursal-apartados-1-y-6-2\/\" class=\"read_more\">Continue reading<\/a>\n\t<\/div>\n\n<!-- \/ blog box-->\n<\/div><\/article>\n<\/div>\r\n\t\t\t\t\t<\/div>\r\n\t\t\t\t\t\r\n\t\t\t\t<div id=\"blog-carousel-dynamicID-943213-dots\" class=\"dots-holder\">\r\n\t\t\t\t<\/div>\r\n\t\t\t\r\n\t\t\t\t\t\r\n\t\t\t\t<\/div>\r\n\t\t\t[\/vc_column][\/vc_row]<\/p>\n","protected":false},"excerpt":{"rendered":"<p>[vc_row rt_row_background_width=&#8221;fullwidth&#8221; rt_row_content_width=&#8221;default&#8221; rt_row_style=&#8221;default-style&#8221; rt_row_height=&#8221;&#8221; rt_column_gaps=&#8221;&#8221; rt_row_shadows=&#8221;&#8221; rt_row_borders=&#8221;&#8221; rt_bg_effect=&#8221;classic&#8221; rt_bg_image_repeat=&#8221;repeat&#8221; rt_bg_size=&#8221;cover&#8221; rt_bg_position=&#8221;right top&#8221; rt_bg_attachment=&#8221;scroll&#8221; rt_bg_layer=&#8221;&#8221; rt_bg_video_format=&#8221;self-hosted&#8221;][vc_column width=&#8221;2\/3&#8243; rt_bg_effect=&#8221;classic&#8221; rt_bg_image_repeat=&#8221;repeat&#8221; rt_bg_size=&#8221;auto auto&#8221; rt_bg_position=&#8221;right top&#8221; rt_bg_attachment=&#8221;scroll&#8221;][vc_row_inner rt_row_background_width=&#8221;fullwidth&#8221; rt_row_content_width=&#8221;default&#8221; rt_row_style=&#8221;global-style&#8221; rt_row_height=&#8221;&#8221; rt_column_gaps=&#8221;&#8221; rt_row_borders=&#8221;&#8221; rt_bg_effect=&#8221;classic&#8221; rt_bg_image_repeat=&#8221;repeat&#8221; rt_bg_size=&#8221;cover&#8221; rt_bg_position=&#8221;right top&#8221; rt_bg_attachment=&#8221;scroll&#8221; rt_bg_layer=&#8221;&#8221; rt_bg_video_format=&#8221;self-hosted&#8221;][vc_column_inner rt_bg_effect=&#8221;classic&#8221; rt_bg_image_repeat=&#8221;repeat&#8221; rt_bg_size=&#8221;auto auto&#8221; rt_bg_position=&#8221;right top&#8221; rt_bg_attachment=&#8221;scroll&#8221;][vc_single_image image=&#8221;6007&#8243; img_size=&#8221;full&#8221; alignment=&#8221;center&#8221;][\/vc_column_inner][\/vc_row_inner][\/vc_column][vc_column width=&#8221;1\/3&#8243; rt_bg_effect=&#8221;classic&#8221; rt_bg_image_repeat=&#8221;repeat&#8221; rt_bg_size=&#8221;auto auto&#8221; rt_bg_position=&#8221;right top&#8221; [&hellip;]<\/p>\n","protected":false},"author":1,"featured_media":0,"parent":5523,"menu_order":0,"comment_status":"closed","ping_status":"closed","template":"","meta":{"footnotes":""},"class_list":["post-6080","page","type-page","status-publish","hentry"],"_links":{"self":[{"href":"https:\/\/expert-witness.es\/en\/wp-json\/wp\/v2\/pages\/6080","targetHints":{"allow":["GET"]}}],"collection":[{"href":"https:\/\/expert-witness.es\/en\/wp-json\/wp\/v2\/pages"}],"about":[{"href":"https:\/\/expert-witness.es\/en\/wp-json\/wp\/v2\/types\/page"}],"author":[{"embeddable":true,"href":"https:\/\/expert-witness.es\/en\/wp-json\/wp\/v2\/users\/1"}],"replies":[{"embeddable":true,"href":"https:\/\/expert-witness.es\/en\/wp-json\/wp\/v2\/comments?post=6080"}],"version-history":[{"count":7,"href":"https:\/\/expert-witness.es\/en\/wp-json\/wp\/v2\/pages\/6080\/revisions"}],"predecessor-version":[{"id":6087,"href":"https:\/\/expert-witness.es\/en\/wp-json\/wp\/v2\/pages\/6080\/revisions\/6087"}],"up":[{"embeddable":true,"href":"https:\/\/expert-witness.es\/en\/wp-json\/wp\/v2\/pages\/5523"}],"wp:attachment":[{"href":"https:\/\/expert-witness.es\/en\/wp-json\/wp\/v2\/media?parent=6080"}],"curies":[{"name":"wp","href":"https:\/\/api.w.org\/{rel}","templated":true}]}}