{"id":5553,"date":"2021-06-11T17:00:55","date_gmt":"2021-06-11T17:00:55","guid":{"rendered":"https:\/\/expert-witness.es\/we-do\/consulting\/"},"modified":"2022-02-25T10:12:44","modified_gmt":"2022-02-25T10:12:44","slug":"consulting","status":"publish","type":"page","link":"https:\/\/expert-witness.es\/en\/we-do\/consulting\/","title":{"rendered":"Consulting"},"content":{"rendered":"<p>[vc_row rt_row_background_width=&#8221;fullwidth&#8221; rt_row_content_width=&#8221;default&#8221; rt_row_style=&#8221;default-style&#8221; rt_row_height=&#8221;&#8221; rt_column_gaps=&#8221;&#8221; rt_row_shadows=&#8221;&#8221; rt_row_borders=&#8221;&#8221; rt_bg_effect=&#8221;classic&#8221; rt_bg_image_repeat=&#8221;repeat&#8221; rt_bg_size=&#8221;cover&#8221; rt_bg_position=&#8221;right top&#8221; rt_bg_attachment=&#8221;scroll&#8221; rt_bg_layer=&#8221;&#8221; rt_bg_video_format=&#8221;self-hosted&#8221;][vc_column width=&#8221;2\/3&#8243; rt_bg_effect=&#8221;classic&#8221; rt_bg_image_repeat=&#8221;repeat&#8221; rt_bg_size=&#8221;auto auto&#8221; rt_bg_position=&#8221;right top&#8221; rt_bg_attachment=&#8221;scroll&#8221;][vc_row_inner rt_row_background_width=&#8221;fullwidth&#8221; rt_row_content_width=&#8221;default&#8221; rt_row_style=&#8221;global-style&#8221; rt_row_height=&#8221;&#8221; rt_column_gaps=&#8221;&#8221; rt_row_borders=&#8221;&#8221; rt_bg_effect=&#8221;classic&#8221; rt_bg_image_repeat=&#8221;repeat&#8221; rt_bg_size=&#8221;cover&#8221; rt_bg_position=&#8221;right top&#8221; rt_bg_attachment=&#8221;scroll&#8221; rt_bg_layer=&#8221;&#8221; rt_bg_video_format=&#8221;self-hosted&#8221;][vc_column_inner rt_bg_effect=&#8221;classic&#8221; rt_bg_image_repeat=&#8221;repeat&#8221; rt_bg_size=&#8221;auto auto&#8221; rt_bg_position=&#8221;right top&#8221; rt_bg_attachment=&#8221;scroll&#8221;]\n\t\t<article class=\"content-box content-box2\">\n\t\t<div class=\"rt-heading-wrapper\">\n\t\t\t\t\t\t<h1 class=\"rt-heading\" >Consulting<\/h1>\n\t\t\t\t\t<\/div>\n\t\t<div class=\"content-holder\">\n\t\t\t<p><b>e<\/b><b>Xpert<\/b> <b>Witness<\/b><b> <\/b><b>Forensic<\/b><b> &amp; <\/b><b>Compliance<\/b><b> <\/b>aims, in its modest criteria, to provide its clients and collaborators, as well as society, with useful information, criteria, support and perspective to face the day to day.<\/p>\n<p>In our consulting area we offer a series of services with differential character for our clients, starting from a flexible and creative vision, and profiling with clarity and technical knowledge.<\/p>\n<p>Our objective in this case is to offer agility and quality in services commonly out of reach for small and medium-sized companies that support their operational decision making.<\/p>\n<p>These services are in constant development according to current best practices and the needs expressed by our customers, and new modalities can be developed ad-hoc.<\/p>\n<p>Services that we would not be able to provide if we did not have our wide network of collaborators that provide the necessary value for adequate developments.<\/p>\n\n\t\t\t\n\t\t<\/div>\n\t\t<\/article>\n\t\t[\/vc_column_inner][\/vc_row_inner]<div id=\"\" class=\"pricing_table service \" data-rt-animation-group=\"group\"><div id=\"\" class=\"table_wrap highlight \" data-rt-animate=\"animate\" data-rt-animation-type=\"fadeInDown\"><ul>\n\t\t<li class=\"caption\">\n\t\t\t<div class=\"title\">Market survey.\n\t<small>\n\t\t \n\t<\/small>\n\t<\/div>\n\t\t<\/li>\n\t\t<li class=\"price empty\"><\/li><\/div><div id=\"\" class=\"table_wrap highlight \" data-rt-animate=\"animate\" data-rt-animation-type=\"fadeInDown\"><ul>\n\t\t<li class=\"caption\">\n\t\t\t<div class=\"title\">Business valuation.\n\t<small>\n\t\t \n\t<\/small>\n\t<\/div>\n\t\t<\/li>\n\t\t<li class=\"price empty\"><\/li><\/div><div id=\"\" class=\"table_wrap highlight \" data-rt-animate=\"animate\" data-rt-animation-type=\"fadeInDown\"><ul>\n\t\t<li class=\"caption\">\n\t\t\t<div class=\"title\">Calculation of tariffs based on certain regulatory requirements.\n\t<small>\n\t\t \n\t<\/small>\n\t<\/div>\n\t\t<\/li>\n\t\t<li class=\"price empty\"><\/li><\/div><div id=\"\" class=\"table_wrap highlight \" data-rt-animate=\"animate\" data-rt-animation-type=\"fadeInDown\"><ul>\n\t\t<li class=\"caption\">\n\t\t\t<div class=\"title\">Succession protocols, transition for the family business.\n\t<small>\n\t\t \n\t<\/small>\n\t<\/div>\n\t\t<\/li>\n\t\t<li class=\"price empty\"><\/li><\/div><div id=\"\" class=\"table_wrap highlight \" data-rt-animate=\"animate\" data-rt-animation-type=\"fadeInDown\"><ul>\n\t\t<li class=\"caption\">\n\t\t\t<div class=\"title\">Quantification and litigation in the field of construction and infrastructures\n\t<small>\n\t\t \n\t<\/small>\n\t<\/div>\n\t\t<\/li>\n\t\t<li class=\"price empty\"><\/li><\/div><\/div>[\/vc_column][vc_column width=&#8221;1\/3&#8243; rt_bg_effect=&#8221;classic&#8221; rt_bg_image_repeat=&#8221;repeat&#8221; rt_bg_size=&#8221;auto auto&#8221; rt_bg_position=&#8221;right top&#8221; rt_bg_attachment=&#8221;scroll&#8221;][vc_single_image image=&#8221;5924&#8243; img_size=&#8221;full&#8221;][\/vc_column][\/vc_row][vc_row rt_row_background_width=&#8221;fullwidth&#8221; rt_row_content_width=&#8221;default&#8221; rt_row_style=&#8221;default-style&#8221; rt_row_height=&#8221;&#8221; rt_column_gaps=&#8221;&#8221; rt_row_shadows=&#8221;&#8221; rt_row_borders=&#8221;&#8221; rt_bg_effect=&#8221;classic&#8221; rt_bg_image_repeat=&#8221;repeat&#8221; rt_bg_size=&#8221;cover&#8221; rt_bg_position=&#8221;right top&#8221; rt_bg_attachment=&#8221;scroll&#8221; rt_bg_layer=&#8221;&#8221; rt_bg_video_format=&#8221;self-hosted&#8221;][vc_column rt_bg_effect=&#8221;classic&#8221; rt_bg_image_repeat=&#8221;repeat&#8221; rt_bg_size=&#8221;auto auto&#8221; rt_bg_position=&#8221;right top&#8221; rt_bg_attachment=&#8221;scroll&#8221;]\r\n\t\t\t\t<div id=\"blog-carousel-dynamicID-607445\" class=\"rt-carousel carousel-holder clearfix blog-carousel style-1 boxed-carousel rt_lightbox_gallery\" data-item-width=\"3\" data-nav=\"true\" data-dots=\"true\" data-margin=\"29\" data-autoplay=\"true\" data-timeout=\"4000\" data-thumbnails=\"false\" data-boxed=\"true\" data-min-height=\"\" data-padding=\"0\" data-loop=\"false\" data-tablet-item-width=\"1\" data-mobile-item-width=\"1\">\r\n\t\t\t\t\t<div class=\"owl-carousel\">\r\n\t\t\t\t\t\t<div class=\"boxed\"><article id=\"5687\" class=\"item post-5687 post type-post status-publish format-standard hentry category-fraud-and-irregularities\"><div class=\"post-content-wrapper\">\n \n\n<!-- blog box-->\n\n\n\t\t\t\t\t\n\n\t<div class=\"entry-content text\">\n\n\t\t<!-- blog headline-->\n\t\t<h4 class=\"entry-title\"><a href=\"https:\/\/expert-witness.es\/en\/informe-en-el-ambito-de-la-responsabilidad-de-administracion-concursal-en-conformidad-con-lo-dispuesto-en-el-articulo-35-de-la-ley-concursal-apartados-1-y-6-2\/\" rel=\"bookmark\">Report in the area of bankruptcy administration liability in accordance with Article 35 of the Bankruptcy Law, paragraphs 1 and 6.<\/a><\/h4> \n\n\t\t\r\n\t\t<!-- meta data -->\r\n\t\t<div class=\"post_data\">\r\n\r\n\t\t\t\r\n\t\t\t\t\t\t\t\r\n\t\t\t\t\t\t<!-- categories -->\r\n\t\t\t<span class=\"categories\">\r\n\t\t\tin <a href=\"https:\/\/expert-witness.es\/en\/category\/fraud-and-irregularities\/\" rel=\"category tag\">Fraud and irregularities<\/a>\t\t\t\t\r\n\t\t\t<\/span>\r\n\t\t\t\r\n\t\t\t\r\n\t\t\t\t\t\t\r\n\t\t<\/div><!-- \/ end div  .post_data -->\r\n\t\n\t\t\n\t\t<p>In this context, the injured parties requested our intervention as Independent Expert in order that,...<\/p>\t<\/div> \n\n\t<div class=\"entry-footer\">\n\n\t\t<a href=\"https:\/\/expert-witness.es\/en\/informe-en-el-ambito-de-la-responsabilidad-de-administracion-concursal-en-conformidad-con-lo-dispuesto-en-el-articulo-35-de-la-ley-concursal-apartados-1-y-6-2\/\" class=\"read_more\">Continue reading<\/a>\n\t<\/div>\n\n<!-- \/ blog box-->\n<\/div><\/article>\n<\/div>\r\n\t\t\t\t\t<\/div>\r\n\t\t\t\t\t\r\n\t\t\t\t<div id=\"blog-carousel-dynamicID-607445-dots\" class=\"dots-holder\">\r\n\t\t\t\t<\/div>\r\n\t\t\t\r\n\t\t\t\t\t\r\n\t\t\t\t<\/div>\r\n\t\t\t[\/vc_column][\/vc_row][vc_row disable_element=&#8221;yes&#8221; rt_row_background_width=&#8221;fullwidth&#8221; rt_row_content_width=&#8221;default&#8221; rt_row_style=&#8221;default-style&#8221; rt_row_height=&#8221;&#8221; rt_column_view=&#8221;equal_heights&#8221; rt_column_gaps=&#8221;&#8221; rt_row_shadows=&#8221;&#8221; rt_row_borders=&#8221;&#8221; rt_bg_effect=&#8221;classic&#8221; rt_bg_image_repeat=&#8221;repeat&#8221; rt_bg_size=&#8221;cover&#8221; rt_bg_position=&#8221;right top&#8221; rt_bg_attachment=&#8221;scroll&#8221; rt_bg_layer=&#8221;&#8221; rt_bg_video_format=&#8221;self-hosted&#8221; rt_row_paddings=&#8221;true&#8221; rt_grid=&#8221;&#8221; rt_margin_bottom=&#8221;40&#8243; rt_padding_top=&#8221;80&#8243; rt_padding_bottom=&#8221;80&#8243; rt_class=&#8221;rt-6366684&#8243; rt_paddings=&#8221;80,80,,&#8221; rt_margins=&#8221;,,,&#8221; rt_content_margins=&#8221;,,,&#8221; rt_tablet_paddings=&#8221;,,,&#8221; rt_tablet_margins=&#8221;,,,&#8221; rt_tablet_content_margins=&#8221;,,,&#8221; rt_sp_paddings=&#8221;,,,&#8221; rt_sp_margins=&#8221;,,,&#8221; rt_sp_content_margins=&#8221;,,,&#8221; rt_bg_color=&#8221;#f7f7f7&#8243;][vc_column rt_column_boxed=&#8221;true&#8221; rt_bg_effect=&#8221;classic&#8221; rt_bg_image_repeat=&#8221;repeat&#8221; rt_bg_size=&#8221;auto auto&#8221; rt_bg_position=&#8221;right top&#8221; rt_bg_attachment=&#8221;scroll&#8221; rt_col_paddings=&#8221;true&#8221; rt_wrp_col_paddings=&#8221;false&#8221; rt_bg_color=&#8221;&#8221; rt_bg_overlay_color=&#8221;&#8221; rt_class=&#8221;rt-4782633&#8243; rt_margins=&#8221;,&#8221; rt_paddings=&#8221;,,,&#8221; rt_wrapper_paddings=&#8221;,,,&#8221; rt_tablet_margins=&#8221;,&#8221; rt_tablet_paddings=&#8221;,,,&#8221; rt_tablet_wrapper_paddings=&#8221;,,,&#8221; rt_sp_margins=&#8221;,&#8221; rt_sp_paddings=&#8221;,,,&#8221; rt_sp_wrapper_paddings=&#8221;,,,&#8221;]<div class=\"rt-heading-wrapper rt-3981532\">\n\t\t\t\t\t\t<h5 class=\"rt-heading\" >Servicies of Forensic &amp; Litigation<\/h5>\n\t\t\t\t\t<\/div><div  class=\"rt-toggle  only_captions\"><ol><li  class=\"\"><div class=\"toggle-head\"><div class=\"toggle-title\">Expert Reports - independent expert<\/div><\/div><div class=\"toggle-content\"><p>We put at your disposal a large team of professionals with recognized experience, sectorial knowledge and technical solvency in the ratification of reports before the courts, in private or judicial conflicts, in their different civil, commercial, labor, criminal and arbitration jurisdictions.<\/p>\n<p>Having the advice of a solid and reputable Independent Expert in litigation can be the key to a favorable outcome.<\/p>\n<p>From <b>e<\/b><b>Xpert<\/b> <b>Witness<\/b><b> <\/b><b>Forensic<\/b><b> &amp; <\/b><b>Compliance<\/b> we issue objective and independent Expert Reports, in the economic, financial, accounting and technological fields, to be used by your legal advisors in any phase of a conflict, being complemented with solid ratifications.<\/p>\n<p><b>We add value in all areas of law and sectors thanks to our experience and expertise.<\/b><\/p>\n<\/div><\/li><li  class=\"\"><div class=\"toggle-head\"><div class=\"toggle-title\">Fraud Investigation<\/div><\/div><div class=\"toggle-content\"><p>In the corporate sector, fraud is on the rise, accounting manipulations, misappropriation of assets, corruption\/bribery, &#8230;..<\/p>\n<p>In this context, it is essential to have reports that adequately support the facts, quantifying the damage caused for the contribution in labor and\/or criminal proceedings.<\/p>\n<p>In turbulent economic environments, pressure for results, job security, or the identification of weaknesses in the control environment can lead to the appearance of irregularities or fraud.<\/p>\n<p>Nuestros servicios integran t\u00e9cnicas de obtenci\u00f3n de informaci\u00f3n combinando metodolog\u00edas de <b><i>\u2018Investigaciones tecnol\u00f3gicas forenses y prueba digital<\/i><\/b>\u2018 (Forensic Technology), \u2018<b><i>An\u00e1lisis masivo de datos<\/i><\/b>\u2018 mediante procesos de <b><i>Data <\/i><\/b><b><i>Matching<\/i><\/b><b><i> y Data <\/i><\/b><b><i>Mining<\/i><\/b>, \u2018<b><i>Investigaciones y auditor\u00edas contables y econ\u00f3micas<\/i><\/b>\u2018.<\/p>\n<p>The main objective is to minimize damages and reputational impacts, maximizing the options for recovery of the damage caused, by issuing solid reports that provide reliable evidence of the aforementioned irregularities or fraud, as well as establishing protocols to improve the definition of control processes and control mechanisms in the future.<\/p>\n<\/div><\/li><li  class=\"\"><div class=\"toggle-head\"><div class=\"toggle-title\">Valuation of companies<\/div><\/div><div class=\"toggle-content\"><p>A professional job must consider both technical knowledge and flexibility in business understanding to ensure maximum objectivity and provide an adequate valuation arc.<\/p>\n<p>For any businessman, his company is one of the most important parts of his assets and it is of vital importance to know its value, whether we decide to sell the company, look for a partner, increase capital or look for an investor or merge.<\/p>\n<p>A proper assessment will facilitate the development of arguments and counter-arguments that will strengthen the negotiation in a conflict environment.<\/p>\n<\/div><\/li><li  class=\"\"><div class=\"toggle-head\"><div class=\"toggle-title\">Valuation of trademarks and royalties<\/div><\/div><div class=\"toggle-content\"><p>In <b>e<\/b><b>Xpert<\/b> <b>Witness<\/b><b> <\/b><b>Forensic<\/b><b> &amp; <\/b><b>Compliance<\/b>, thanks to our team of professionals we establish the economic and financial value of trademarks, patents, royalties and intangible assets through the use of scientifically and professionally recognized methodologies.<\/p>\n<p>Our methodology applies the criteria established in the <b>ISO <\/b><b>10668 <\/b>(<i>International Standard Organization Norm): Brand Valuation Requirements for Monetary Brand Valuation<\/i>) and applies its principles and philosophy to other intangible assets, such as patents, cory-rights, as well as other intellectual property rights.<\/p>\n<p>We also apply the <b>WIPO<\/b> (<i>World Intellectual Property Organization<\/i>). Directive used to determine the power of the brand in the market.<\/p>\n<p>Our analysis in this area also includes the determination of the possible damage caused to trademarks\/patents in the event of a breach of contract.<\/p>\n<\/div><\/li><li  class=\"\"><div class=\"toggle-head\"><div class=\"toggle-title\">Due Diligence<\/div><\/div><div class=\"toggle-content\"><p>In the field of establishing new business relationships, in investigation processes, as well as in the field of regulatory compliance, it is essential to have an adequate Due Diligence protocol.<\/p>\n<p>In these scenarios it is essential to be able to assess the integrity, relationships and solvency of an individual or a company by collecting and analyzing publicly and privately available information. Specifically:<\/p>\n<p>1.Obtain a broad knowledge of the integrity, reputation, activities and experience, economic solvency, financial and corporate links, conflicts of interest, etc. of a natural or legal person (customers, suppliers, managers, potential partners, etc.).<\/p>\n<p>2.Wealth analysis through the traceability and identification of possible assets and funds of the individuals or legal entities under analysis.<\/p>\n<p>3.Advice on compliance and investigations related to anti-fraud and anti-corruption regulations Foreign Corrupt Practice Act (FCPA), UK Bribery Act, Money Laundering, 8th Directive, etc.<\/p>\n<\/div><\/li><li  class=\"\"><div class=\"toggle-head\"><div class=\"toggle-title\">Data Analysis<\/div><\/div><div class=\"toggle-content\"><p>In <b>e<\/b><b>Xpert<\/b> <b>Witness<\/b><b> <\/b><b>Forensic<\/b><b> &amp; <\/b><b>Compliance<\/b>, we can help you reduce your fraud losses as well as the cost of investigation through the use of analytical models.<\/p>\n<p>Classification models, also called predictive models, allow the identification of fraud patterns or predictors to detect fraud events similar to known cases. Additionally, segmentation and frequency models (such as B enford models, for example) allow the identification of anomalies and facilitate the detection of new schemes and cases even when historical fraud data are not available.<\/p>\n<p>These solutions allow to focus on the identification of new cases with high probability of fraud and their dynamic prioritization to improve the response and recovery capacity for both internal (employees) and external (customers, suppliers or third parties) fraud.<\/p>\n<\/div><\/li><li  class=\"\"><div class=\"toggle-head\"><div class=\"toggle-title\">Technology Fraud<\/div><\/div><div class=\"toggle-content\"><p>More and more stocks are only in digital format and consequently it is increasingly common that the litigation faced by the Courts is related to information technologies.<\/p>\n<p>Cases of computer crimes, industrial espionage, unfair competition, leakage, destruction or theft of confidential information, illegal copying of source code, system intrusions, presence of malware, failed software development projects, etc., are becoming more and more frequent.<\/p>\n<p>Locating, capturing and extracting information from digital media requires hardware with sufficient processing capacity and specialized software, as well as a team of highly qualified professionals experienced in the recovery and management of digital evidence.<\/p>\n<p>Our professionals act as experts recovering and analyzing digital evidence or electronic evidence from your company&#8217;s information systems and hardware devices (servers, laptops or desktops, backups, mobile phones,&#8230;), guaranteeing the chain of custody, their integrity, validity and acceptance in a legal proceeding ensuring that they will be admitted in a possible legal proceeding.<\/p>\n<p>There are certain procedures that require the management of electronic and paper evidence and documents for use in investigations and judicial and regulatory proceedings. It is therefore necessary to use the technological tools needed to convert significant amounts of paper information into electronic images, so that together with the rest of the electronic documents, they can be catalogued and indexed in order to be examined effectively and efficiently by the research team, even remotely and in a secure environment. Techniques known in the industry as e-Discovery.<\/p>\n<\/div><\/li><li  class=\"\"><div class=\"toggle-head\"><div class=\"toggle-title\">Competition Anti-Trust and Competition Law<\/div><\/div><div class=\"toggle-content\"><p>The increasing availability of accurate information, as well as the increase in technical means, make it possible to detect with increasing frequency the historical and current cases of collusive practices contrary to the elementary economic nature and the Competition Laws within the European framework.<\/p>\n<p>Against these harmful practices we also provide our clients with reports and damage assessments in cases of violation of European Union Competition Laws. We follow the protocols established and contrasted by the European Community for the elaboration of economic and econometric models that quantify the damages suffered and based on the violation of the Competition Laws and Articles 101 and\/or 102 of the Treaty on the Functioning of the European Union.<\/p>\n<p>Depending on the availability of data, various models approved in the Competition Laws may be used to subsequently correct any exogenous factors that could introduce distortions in the modeling and end with the definitive calculation of the damage suffered.<\/p>\n<\/div><\/li><\/ol><\/div>[\/vc_column][\/vc_row]<\/p>\n","protected":false},"excerpt":{"rendered":"<p>[vc_row rt_row_background_width=&#8221;fullwidth&#8221; rt_row_content_width=&#8221;default&#8221; rt_row_style=&#8221;default-style&#8221; rt_row_height=&#8221;&#8221; rt_column_gaps=&#8221;&#8221; rt_row_shadows=&#8221;&#8221; rt_row_borders=&#8221;&#8221; rt_bg_effect=&#8221;classic&#8221; rt_bg_image_repeat=&#8221;repeat&#8221; rt_bg_size=&#8221;cover&#8221; rt_bg_position=&#8221;right top&#8221; rt_bg_attachment=&#8221;scroll&#8221; rt_bg_layer=&#8221;&#8221; rt_bg_video_format=&#8221;self-hosted&#8221;][vc_column width=&#8221;2\/3&#8243; rt_bg_effect=&#8221;classic&#8221; rt_bg_image_repeat=&#8221;repeat&#8221; rt_bg_size=&#8221;auto auto&#8221; rt_bg_position=&#8221;right top&#8221; rt_bg_attachment=&#8221;scroll&#8221;][vc_row_inner rt_row_background_width=&#8221;fullwidth&#8221; rt_row_content_width=&#8221;default&#8221; rt_row_style=&#8221;global-style&#8221; rt_row_height=&#8221;&#8221; rt_column_gaps=&#8221;&#8221; rt_row_borders=&#8221;&#8221; rt_bg_effect=&#8221;classic&#8221; rt_bg_image_repeat=&#8221;repeat&#8221; rt_bg_size=&#8221;cover&#8221; rt_bg_position=&#8221;right top&#8221; rt_bg_attachment=&#8221;scroll&#8221; rt_bg_layer=&#8221;&#8221; rt_bg_video_format=&#8221;self-hosted&#8221;][vc_column_inner rt_bg_effect=&#8221;classic&#8221; rt_bg_image_repeat=&#8221;repeat&#8221; rt_bg_size=&#8221;auto auto&#8221; rt_bg_position=&#8221;right top&#8221; rt_bg_attachment=&#8221;scroll&#8221;][\/vc_column_inner][\/vc_row_inner][\/vc_column][vc_column width=&#8221;1\/3&#8243; rt_bg_effect=&#8221;classic&#8221; rt_bg_image_repeat=&#8221;repeat&#8221; rt_bg_size=&#8221;auto auto&#8221; rt_bg_position=&#8221;right top&#8221; rt_bg_attachment=&#8221;scroll&#8221;][vc_single_image image=&#8221;5924&#8243; img_size=&#8221;full&#8221;][\/vc_column][\/vc_row][vc_row [&hellip;]<\/p>\n","protected":false},"author":1,"featured_media":0,"parent":5523,"menu_order":0,"comment_status":"closed","ping_status":"closed","template":"","meta":{"footnotes":""},"class_list":["post-5553","page","type-page","status-publish","hentry"],"_links":{"self":[{"href":"https:\/\/expert-witness.es\/en\/wp-json\/wp\/v2\/pages\/5553","targetHints":{"allow":["GET"]}}],"collection":[{"href":"https:\/\/expert-witness.es\/en\/wp-json\/wp\/v2\/pages"}],"about":[{"href":"https:\/\/expert-witness.es\/en\/wp-json\/wp\/v2\/types\/page"}],"author":[{"embeddable":true,"href":"https:\/\/expert-witness.es\/en\/wp-json\/wp\/v2\/users\/1"}],"replies":[{"embeddable":true,"href":"https:\/\/expert-witness.es\/en\/wp-json\/wp\/v2\/comments?post=5553"}],"version-history":[{"count":7,"href":"https:\/\/expert-witness.es\/en\/wp-json\/wp\/v2\/pages\/5553\/revisions"}],"predecessor-version":[{"id":5934,"href":"https:\/\/expert-witness.es\/en\/wp-json\/wp\/v2\/pages\/5553\/revisions\/5934"}],"up":[{"embeddable":true,"href":"https:\/\/expert-witness.es\/en\/wp-json\/wp\/v2\/pages\/5523"}],"wp:attachment":[{"href":"https:\/\/expert-witness.es\/en\/wp-json\/wp\/v2\/media?parent=5553"}],"curies":[{"name":"wp","href":"https:\/\/api.w.org\/{rel}","templated":true}]}}