{"id":5544,"date":"2021-09-07T17:59:57","date_gmt":"2021-09-07T17:59:57","guid":{"rendered":"https:\/\/expert-witness.es\/training\/"},"modified":"2022-02-23T08:23:29","modified_gmt":"2022-02-23T08:23:29","slug":"training","status":"publish","type":"page","link":"https:\/\/expert-witness.es\/en\/training\/","title":{"rendered":"Knowledge &#038; Training"},"content":{"rendered":"<p>[vc_row rt_row_background_width=&#8221;fullwidth&#8221; rt_row_content_width=&#8221;default&#8221; rt_row_style=&#8221;default-style&#8221; rt_row_height=&#8221;&#8221; rt_column_gaps=&#8221;&#8221; rt_row_shadows=&#8221;&#8221; rt_row_borders=&#8221;&#8221; rt_bg_effect=&#8221;classic&#8221; rt_bg_image_repeat=&#8221;repeat&#8221; rt_bg_size=&#8221;cover&#8221; rt_bg_position=&#8221;right top&#8221; rt_bg_attachment=&#8221;scroll&#8221; rt_bg_layer=&#8221;&#8221; rt_bg_video_format=&#8221;self-hosted&#8221;][vc_column width=&#8221;1\/2&#8243; rt_bg_effect=&#8221;classic&#8221; rt_bg_image_repeat=&#8221;repeat&#8221; rt_bg_size=&#8221;auto auto&#8221; rt_bg_position=&#8221;right top&#8221; rt_bg_attachment=&#8221;scroll&#8221;][vc_column_text]<\/p>\n<h2>KNOWLEDGE &amp; TRAINING<\/h2>\n<p>In <b>e<\/b><b>Xpert<\/b> <b>Witness<\/b><b> <\/b><b>Forensic<\/b><b> &amp; <\/b><b>Compliance<\/b><b> <\/b>we are aware of how important it is to maintain a <strong>continuous training process<\/strong>\u00a0for both the teams and the organization. We encourage consideration of the above.<\/p>\n<p>This allows us to develop in an agile way in three fundamental aspects, (i) <i>to constantly update ourselves in the face of new regulatory contexts, existing tools in the market,&#8230;<\/i>; (ii) <i>to carry out a concise exercise of these changes that will allow us to understand their scope, to specify them in a didactic way and to apply them in a precise and clear manner in the development of our project <\/i>, as well as (iii) <i>keep a finger on the pulse of the main doubts that the market maintains.<\/i><\/p>\n<p>Our team has training, academic and university experience of recognized prestige. We are members of the MFIA certifications of <b>Bolsas y Mercados Espa\u00f1oles<\/b>, members of <b>MarketinGroup<\/b><b> de la Universidad Carlos III de Madrid<\/b>. Among others we have actively participated\/participated in:<\/p>\n<ul>\n<li>The Master&#8217;s Degree in Financial Markets and Alternative Investments, offered by the <b>Instituto BME, Centro de Formaci\u00f3n de Bolsas y Mercados Espa\u00f1oles<\/b>.<br \/>\nMembers of the MFIA Certification in the field of regulatory compliance in the financial sector.<\/li>\n<li>Master\u00b4s degree of <b>Auditoria de la Universidad de Sevilla<\/b>. Module \u201c<i>Compliance and internal controls against fraud and irregularities&#8221;. Compliance and internal controls against fraud and irregularities<\/i>\u201d.<\/li>\n<li>Master\u00b4s degree of <b>Auditoria de la Universidad Aut\u00f3noma de Madrid<\/b>. Module \u201c<i>Compliance and internal controls against fraud and irregularities<\/i>\u201d.<\/li>\n<li>Postgraduate courses in the <b>Universidad Carlos III <\/b>\u201c<i>Especialista en Cumplimiento Normativo de los Mercados Financieros<\/i>\u201d.<\/li>\n<li>In training courses related to the accounting of crypto-assets together or internal control and prevention of money laundering together with the <b>Instituto de Censores Jurados de Cuentas de Espa\u00f1a<\/b>.<\/li>\n<\/ul>\n<p>[\/vc_column_text][\/vc_column][vc_column width=&#8221;1\/2&#8243; rt_bg_effect=&#8221;classic&#8221; rt_bg_image_repeat=&#8221;repeat&#8221; rt_bg_size=&#8221;auto auto&#8221; rt_bg_position=&#8221;right top&#8221; rt_bg_attachment=&#8221;scroll&#8221;][vc_single_image image=&#8221;5848&#8243; img_size=&#8221;full&#8221; css=&#8221;.vc_custom_1645604589554{padding-top: 100px !important;}&#8221;][\/vc_column][\/vc_row][vc_row rt_row_background_width=&#8221;fullwidth&#8221; rt_row_content_width=&#8221;default&#8221; rt_row_style=&#8221;default-style&#8221; rt_row_height=&#8221;&#8221; rt_column_gaps=&#8221;&#8221; rt_row_shadows=&#8221;&#8221; rt_row_borders=&#8221;&#8221; rt_bg_effect=&#8221;classic&#8221; rt_bg_image_repeat=&#8221;repeat&#8221; rt_bg_size=&#8221;cover&#8221; rt_bg_position=&#8221;right top&#8221; rt_bg_attachment=&#8221;scroll&#8221; rt_bg_layer=&#8221;&#8221; rt_bg_video_format=&#8221;self-hosted&#8221;][vc_column width=&#8221;1\/2&#8243; rt_bg_effect=&#8221;classic&#8221; rt_bg_image_repeat=&#8221;repeat&#8221; rt_bg_size=&#8221;auto auto&#8221; rt_bg_position=&#8221;right top&#8221; rt_bg_attachment=&#8221;scroll&#8221;][vc_single_image image=&#8221;5851&#8243; img_size=&#8221;full&#8221;][\/vc_column][vc_column width=&#8221;1\/2&#8243; rt_bg_effect=&#8221;classic&#8221; rt_bg_image_repeat=&#8221;repeat&#8221; rt_bg_size=&#8221;auto auto&#8221; rt_bg_position=&#8221;right top&#8221; rt_bg_attachment=&#8221;scroll&#8221;][vc_column_text]We participate in certain circuits of presentations to government agencies, financial institutions or other entities in the sector:<\/p>\n<ul>\n<li>&#8220;Productos minoristas estructurados: buenas pr\u00e1cticas para los acuerdos de gobernanza de los productos&#8221;<\/li>\n<li>\u201cAnti-money laundering and terrorist financing prevention compliance programme\u201d<\/li>\n<\/ul>\n<p>We also periodically issue publications on subjects related to our day-to-day field work in an attempt to contribute our point of view to the market.<\/p>\n<ul>\n<li>European Manual of Financial Investigation, Jefatura de Polic\u00eda de la Guardia Civil co-author.<\/li>\n<li>Compliance in the financial sector, manual related to BME&#8217;s MFIA Certification recognized by the CNMV.<\/li>\n<li>Publication of articles in the press &#8220;<b><i>\u00bfC\u00f3mo detectar el fraude financiero?<\/i><\/b>\u201d, Cinco D\u00edas; \u201c<b><i>Los bancos han aumentado un 60% su inversi\u00f3n contra el blanqueo de capitales en los \u00faltimos 3 a\u00f1os<\/i><\/b>\u201d, Europa Press; \u201c<b><i>Mortgage Fraud. Two types of deception of borrowing institutions<\/i><\/b>\u201d, El Pa\u00eds;\u2026.<\/li>\n<\/ul>\n<p>[\/vc_column_text][\/vc_column][\/vc_row][vc_row rt_row_background_width=&#8221;fullwidth&#8221; rt_row_content_width=&#8221;default&#8221; rt_row_style=&#8221;default-style&#8221; rt_row_height=&#8221;&#8221; rt_column_gaps=&#8221;&#8221; rt_row_shadows=&#8221;&#8221; rt_row_borders=&#8221;&#8221; rt_bg_effect=&#8221;classic&#8221; rt_bg_image_repeat=&#8221;repeat&#8221; rt_bg_size=&#8221;cover&#8221; rt_bg_position=&#8221;right top&#8221; rt_bg_attachment=&#8221;scroll&#8221; rt_bg_layer=&#8221;&#8221; rt_bg_video_format=&#8221;self-hosted&#8221;][vc_column rt_bg_effect=&#8221;classic&#8221; rt_bg_image_repeat=&#8221;repeat&#8221; rt_bg_size=&#8221;auto auto&#8221; rt_bg_position=&#8221;right top&#8221; rt_bg_attachment=&#8221;scroll&#8221;][vc_column_text]We conduct training sessions in accordance with the different risk management and training compliance frameworks. Expert Witness has experienced professionals with the corresponding accreditation to conduct training sessions in the following areas:[\/vc_column_text][vc_column_text]<\/p>\n<ul>\n<li>COSO \/ ERM<\/li>\n<li>ISO 31000 (Risk Management)<\/li>\n<li>ISO 22301 (Business Continuity)<\/li>\n<li>Compliance Corporativo (Art.31 Bis Penal Code)<\/li>\n<li>Financial Compliance<\/li>\n<\/ul>\n<p>[\/vc_column_text][\/vc_column][\/vc_row][vc_row rt_row_background_width=&#8221;fullwidth&#8221; rt_row_content_width=&#8221;default&#8221; rt_row_style=&#8221;default-style&#8221; rt_row_height=&#8221;&#8221; rt_column_gaps=&#8221;&#8221; rt_row_shadows=&#8221;&#8221; rt_row_borders=&#8221;&#8221; rt_bg_effect=&#8221;classic&#8221; rt_bg_image_repeat=&#8221;repeat&#8221; rt_bg_size=&#8221;cover&#8221; rt_bg_position=&#8221;right top&#8221; rt_bg_attachment=&#8221;scroll&#8221; rt_bg_layer=&#8221;&#8221; rt_bg_video_format=&#8221;self-hosted&#8221;][vc_column rt_bg_effect=&#8221;classic&#8221; rt_bg_image_repeat=&#8221;repeat&#8221; rt_bg_size=&#8221;auto auto&#8221; rt_bg_position=&#8221;right top&#8221; rt_bg_attachment=&#8221;scroll&#8221;][\/vc_column][\/vc_row]<\/p>\n","protected":false},"excerpt":{"rendered":"<p>[vc_row rt_row_background_width=&#8221;fullwidth&#8221; rt_row_content_width=&#8221;default&#8221; rt_row_style=&#8221;default-style&#8221; rt_row_height=&#8221;&#8221; rt_column_gaps=&#8221;&#8221; rt_row_shadows=&#8221;&#8221; rt_row_borders=&#8221;&#8221; rt_bg_effect=&#8221;classic&#8221; rt_bg_image_repeat=&#8221;repeat&#8221; rt_bg_size=&#8221;cover&#8221; rt_bg_position=&#8221;right top&#8221; rt_bg_attachment=&#8221;scroll&#8221; rt_bg_layer=&#8221;&#8221; rt_bg_video_format=&#8221;self-hosted&#8221;][vc_column width=&#8221;1\/2&#8243; rt_bg_effect=&#8221;classic&#8221; rt_bg_image_repeat=&#8221;repeat&#8221; rt_bg_size=&#8221;auto auto&#8221; rt_bg_position=&#8221;right top&#8221; rt_bg_attachment=&#8221;scroll&#8221;][vc_column_text] KNOWLEDGE &amp; TRAINING In eXpert Witness Forensic &amp; Compliance we are aware of how important it is to maintain a continuous training process\u00a0for both the teams and the organization. We encourage [&hellip;]<\/p>\n","protected":false},"author":1,"featured_media":0,"parent":0,"menu_order":0,"comment_status":"closed","ping_status":"closed","template":"","meta":{"footnotes":""},"class_list":["post-5544","page","type-page","status-publish","hentry"],"_links":{"self":[{"href":"https:\/\/expert-witness.es\/en\/wp-json\/wp\/v2\/pages\/5544","targetHints":{"allow":["GET"]}}],"collection":[{"href":"https:\/\/expert-witness.es\/en\/wp-json\/wp\/v2\/pages"}],"about":[{"href":"https:\/\/expert-witness.es\/en\/wp-json\/wp\/v2\/types\/page"}],"author":[{"embeddable":true,"href":"https:\/\/expert-witness.es\/en\/wp-json\/wp\/v2\/users\/1"}],"replies":[{"embeddable":true,"href":"https:\/\/expert-witness.es\/en\/wp-json\/wp\/v2\/comments?post=5544"}],"version-history":[{"count":9,"href":"https:\/\/expert-witness.es\/en\/wp-json\/wp\/v2\/pages\/5544\/revisions"}],"predecessor-version":[{"id":5853,"href":"https:\/\/expert-witness.es\/en\/wp-json\/wp\/v2\/pages\/5544\/revisions\/5853"}],"wp:attachment":[{"href":"https:\/\/expert-witness.es\/en\/wp-json\/wp\/v2\/media?parent=5544"}],"curies":[{"name":"wp","href":"https:\/\/api.w.org\/{rel}","templated":true}]}}